{"id":109,"date":"2017-02-05T12:48:31","date_gmt":"2017-02-05T11:48:31","guid":{"rendered":"http:\/\/spdpraha.cz\/?page_id=109"},"modified":"2023-10-27T02:09:58","modified_gmt":"2023-10-27T01:09:58","slug":"lide-spd","status":"publish","type":"page","link":"https:\/\/spdpraha.cz\/?page_id=109","title":{"rendered":"Lid\u00e9 SPD"},"content":{"rendered":"<p><strong>Kontakt: <\/strong><\/p>\n<p><strong>Klub hnut\u00ed SPD<\/strong><br \/>\nMari\u00e1nsk\u00e9 n\u00e1m\u011bst\u00ed 2\/2, Praha 1<br \/>\n<a href=\"mailto:praha@spd.cz\">praha@spd.cz<\/a><\/p>\n<p>P\u0159ihl\u00e1sit se do SPD Praha m\u016f\u017eete na: <a href=\"https:\/\/www.spd.cz\/pridejte-se-k-nam\">https:\/\/www.spd.cz\/pridejte-se-k-nam<\/a><\/p>\n<p>&nbsp;<\/p>\n<p><strong>P\u0159edseda Region\u00e1ln\u00edho klubu Praha<\/strong><br \/>\nJosef Neru\u0161il<br \/>\njosef.nerusil@spd.cz<br \/>\n<span style=\"font-size: 14px;\">Kontakt: 730 587 277<\/span><\/p>\n<p><a href=\"https:\/\/spdpraha.cz\/wp-content\/uploads\/2023\/10\/C283783-websize.jpg\"><img loading=\"lazy\" decoding=\"async\" class=\"size-medium wp-image-877\" src=\"https:\/\/spdpraha.cz\/wp-content\/uploads\/2023\/10\/C283783-websize-300x200.jpg\" alt=\"\" width=\"300\" height=\"200\" srcset=\"https:\/\/spdpraha.cz\/wp-content\/uploads\/2023\/10\/C283783-websize-300x200.jpg 300w, https:\/\/spdpraha.cz\/wp-content\/uploads\/2023\/10\/C283783-websize-1024x683.jpg 1024w, https:\/\/spdpraha.cz\/wp-content\/uploads\/2023\/10\/C283783-websize-768x512.jpg 768w, https:\/\/spdpraha.cz\/wp-content\/uploads\/2023\/10\/C283783-websize-1536x1024.jpg 1536w, https:\/\/spdpraha.cz\/wp-content\/uploads\/2023\/10\/C283783-websize-2048x1366.jpg 2048w, https:\/\/spdpraha.cz\/wp-content\/uploads\/2023\/10\/C283783-websize-150x100.jpg 150w, https:\/\/spdpraha.cz\/wp-content\/uploads\/2023\/10\/C283783-websize-400x267.jpg 400w\" sizes=\"auto, (max-width: 300px) 100vw, 300px\" \/><\/a><\/p>\n<p>&nbsp;<\/p>\n<p><strong>M\u00edstop\u0159edsedov\u00e9 Region\u00e1ln\u00edho klubu<br \/>\n<\/strong>Kl\u00e1ra Cingro\u0161ov\u00e1, Milan Urban, Olga Nema, Lenka Zumrov\u00e1, Karel Oplt, Vladim\u00edra Bondarenkov\u00e1<\/p>\n","protected":false},"excerpt":{"rendered":"<p>Kontakt: Klub hnut\u00ed SPD Mari\u00e1nsk\u00e9 n\u00e1m\u011bst\u00ed 2\/2, Praha 1 praha@spd.cz P\u0159ihl\u00e1sit se do SPD Praha m\u016f\u017eete na: https:\/\/www.spd.cz\/pridejte-se-k-nam &nbsp; P\u0159edseda Region\u00e1ln\u00edho klubu Praha Josef Neru\u0161il josef.nerusil@spd.cz Kontakt: 730 587 277 &nbsp; M\u00edstop\u0159edsedov\u00e9 Region\u00e1ln\u00edho klubu Kl\u00e1ra Cingro\u0161ov\u00e1, Milan Urban, Olga Nema, Lenka Zumrov\u00e1, Karel Oplt, Vladim\u00edra Bondarenkov\u00e1<\/p>\n","protected":false},"author":1,"featured_media":0,"parent":0,"menu_order":0,"comment_status":"closed","ping_status":"closed","template":"","meta":{"_exactmetrics_skip_tracking":false,"_exactmetrics_sitenote_active":false,"_exactmetrics_sitenote_note":"","_exactmetrics_sitenote_category":0,"footnotes":""},"class_list":["post-109","page","type-page","status-publish","hentry"],"_links":{"self":[{"href":"https:\/\/spdpraha.cz\/index.php?rest_route=\/wp\/v2\/pages\/109","targetHints":{"allow":["GET"]}}],"collection":[{"href":"https:\/\/spdpraha.cz\/index.php?rest_route=\/wp\/v2\/pages"}],"about":[{"href":"https:\/\/spdpraha.cz\/index.php?rest_route=\/wp\/v2\/types\/page"}],"author":[{"embeddable":true,"href":"https:\/\/spdpraha.cz\/index.php?rest_route=\/wp\/v2\/users\/1"}],"replies":[{"embeddable":true,"href":"https:\/\/spdpraha.cz\/index.php?rest_route=%2Fwp%2Fv2%2Fcomments&post=109"}],"version-history":[{"count":3,"href":"https:\/\/spdpraha.cz\/index.php?rest_route=\/wp\/v2\/pages\/109\/revisions"}],"predecessor-version":[{"id":878,"href":"https:\/\/spdpraha.cz\/index.php?rest_route=\/wp\/v2\/pages\/109\/revisions\/878"}],"wp:attachment":[{"href":"https:\/\/spdpraha.cz\/index.php?rest_route=%2Fwp%2Fv2%2Fmedia&parent=109"}],"curies":[{"name":"wp","href":"https:\/\/api.w.org\/{rel}","templated":true}]}}