{"id":937,"date":"2025-05-26T10:20:18","date_gmt":"2025-05-26T09:20:18","guid":{"rendered":"https:\/\/spdpraha.cz\/?page_id=937"},"modified":"2025-05-26T10:20:18","modified_gmt":"2025-05-26T09:20:18","slug":"odber","status":"publish","type":"page","link":"https:\/\/spdpraha.cz\/?page_id=937","title":{"rendered":"Odb\u011br"},"content":{"rendered":"<p>P\u0159ihl\u00e1sit se k odb\u011bru nov\u00fdch \u010dl\u00e1nk\u016f<\/p>\n<form name=\"s2form\" method=\"post\"><input type=\"hidden\" name=\"ip\" value=\"216.73.217.76\" \/><span style=\"display:none !important\"><label for=\"firstname\">Nechte pr\u00e1zdn\u00e9:<\/label><input type=\"text\" id=\"firstname\" name=\"firstname\" \/><label for=\"lastname\">Ponechte pr\u00e1zdn\u00e9:<\/label><input type=\"text\" id=\"lastname\" name=\"lastname\" \/><label for=\"uri\">Tohle nem\u011b\u0148te:<\/label><input type=\"text\" id=\"uri\" name=\"uri\" value=\"http:\/\/\" \/><\/span><p><label for=\"s2email\">V\u00e1\u0161 e-mail:<\/label><br><input type=\"email\" name=\"email\" id=\"s2email\" value=\"Zadejte e-mailovou adresu\" size=\"20\" onfocus=\"if (this.value === 'Zadejte e-mailovou adresu') {this.value = '';}\" onblur=\"if (this.value === '') {this.value = 'Zadejte e-mailovou adresu';}\" \/><\/p><p><input type=\"submit\" name=\"subscribe\" value=\"P\u0159ihlaste se k odb\u011bru\" \/>&nbsp;<input type=\"submit\" name=\"unsubscribe\" value=\"Odhl\u00e1sit odb\u011br\" \/><\/p><\/form>\r\n\n","protected":false},"excerpt":{"rendered":"<p>P\u0159ihl\u00e1sit se k odb\u011bru nov\u00fdch \u010dl\u00e1nk\u016f<\/p>\n","protected":false},"author":1,"featured_media":0,"parent":0,"menu_order":0,"comment_status":"closed","ping_status":"closed","template":"","meta":{"_exactmetrics_skip_tracking":false,"_exactmetrics_sitenote_active":false,"_exactmetrics_sitenote_note":"","_exactmetrics_sitenote_category":0,"footnotes":""},"class_list":["post-937","page","type-page","status-publish","hentry"],"_links":{"self":[{"href":"https:\/\/spdpraha.cz\/index.php?rest_route=\/wp\/v2\/pages\/937","targetHints":{"allow":["GET"]}}],"collection":[{"href":"https:\/\/spdpraha.cz\/index.php?rest_route=\/wp\/v2\/pages"}],"about":[{"href":"https:\/\/spdpraha.cz\/index.php?rest_route=\/wp\/v2\/types\/page"}],"author":[{"embeddable":true,"href":"https:\/\/spdpraha.cz\/index.php?rest_route=\/wp\/v2\/users\/1"}],"replies":[{"embeddable":true,"href":"https:\/\/spdpraha.cz\/index.php?rest_route=%2Fwp%2Fv2%2Fcomments&post=937"}],"version-history":[{"count":2,"href":"https:\/\/spdpraha.cz\/index.php?rest_route=\/wp\/v2\/pages\/937\/revisions"}],"predecessor-version":[{"id":939,"href":"https:\/\/spdpraha.cz\/index.php?rest_route=\/wp\/v2\/pages\/937\/revisions\/939"}],"wp:attachment":[{"href":"https:\/\/spdpraha.cz\/index.php?rest_route=%2Fwp%2Fv2%2Fmedia&parent=937"}],"curies":[{"name":"wp","href":"https:\/\/api.w.org\/{rel}","templated":true}]}}